{"id":1509,"date":"2024-04-02T17:09:21","date_gmt":"2024-04-02T17:09:21","guid":{"rendered":"https:\/\/portugalagenda.com\/?page_id=1509"},"modified":"2024-12-06T11:53:26","modified_gmt":"2024-12-06T11:53:26","slug":"about-us","status":"publish","type":"page","link":"https:\/\/portugalagenda.com\/en\/about-us\/","title":{"rendered":"About Us"},"content":{"rendered":"<p>[vc_row full_width=&#8221;stretch_row&#8221; el_class=&#8221;bl-parceiros&#8221;][vc_column][vc_row_inner][vc_column_inner width=&#8221;2\/3&#8243;][vc_single_image image=&#8221;320&#8243; img_size=&#8221;full&#8221;][\/vc_column_inner][vc_column_inner width=&#8221;1\/3&#8243;][vc_custom_heading text=&#8221;Portugal Agenda, what we do?&#8221; font_container=&#8221;tag:h1|text_align:left&#8221; use_theme_fonts=&#8221;yes&#8221;][vc_column_text]Portugal Agenda brings\u00a0<strong>you unique shows that you won\u2019t forget<\/strong>.<br \/>\nLet yourself be amazed at the spectacle that will awaken your senses and make you dream and wonder.<\/p>\n<p>We believe that innovation in arts and culture brings unique sensory experiences. From video mapping and large-scale light projections, holograms, gesture control and motion capture, virtual reality and augmented reality, we aim to deliver memorable experiences through\u00a0immersive technologies.<br \/>\nHow about a sensorial and immersive outdoor experience in one of the most emblematic gardens in the city? Or maybe you prefer to emerge in the past and learn from our history! Here, you will discover a different experience that everyone will enjoy.<br \/>\nIt\u2019s time to daydream, because the show is about to begin.<\/p>\n<p><span style=\"color: #f5d000;\"><strong><em>Portugal Agenda, It\u2019s Show Time!<\/em><\/strong><\/span><\/p>\n<p>&nbsp;<\/p>\n<h3><strong>This is Our Manifesto<\/strong><\/h3>\n<p>Time is our most valuable resource.<br \/>\nAfter all, we use time to create every moment of our life.<br \/>\nThat\u2019s why we need to make the most of it by doing things that make us feel happy to be alive.<br \/>\nAlone, accompanied or with family, it\u2019s time to live unique moments that are perpetuated in unforgettable memories.<\/p>\n<p>&nbsp;<\/p>\n<p><span style=\"color: #f5d000;\"><strong><em>Portugal Agenda, It\u2019s Show Time!<\/em><\/strong><\/span>[\/vc_column_text][vc_column_text][\/vc_column_text][\/vc_column_inner][\/vc_row_inner][\/vc_column][\/vc_row][vc_row][vc_column][vc_column_text el_class=&#8221;tituloh1-pagina&#8221;]<\/p>\n<h2 class=\"vc_custom_heading\" style=\"text-align: center;\">WHERE YOU CAN FIND US<\/h2>\n<p>[\/vc_column_text][vc_row_inner][vc_column_inner el_class=&#8221;sobre-nos-tamanho&#8221; width=&#8221;1\/2&#8243; css=&#8221;.vc_custom_1712150921865{background-image: url(https:\/\/portugalagenda.com\/wp-content\/uploads\/2024\/04\/Componente-5-\u2013-1-3.png?id=412) !important;background-position: center !important;background-repeat: no-repeat !important;background-size: cover !important;}&#8221;][vc_column_text]<\/p>\n<h3 style=\"text-align: center;\">Lisboa<\/h3>\n<p style=\"text-align: center;\"><strong>Immersivus Gallery Lisboa<\/strong><br \/>\nReservat\u00f3rio da M\u00e3e d&#8217;\u00c1gua, Pra\u00e7a das Amoreiras 10, 1250-020,\u00a0 Lisboa<\/p>\n<p style=\"text-align: center;\"><strong>Museu Arqueol\u00f3gico do Carmo<\/strong><br \/>\nLargo do Carmo, 1200-092 Lisboa<\/p>\n<p>[\/vc_column_text][\/vc_column_inner][vc_column_inner el_class=&#8221;sobre-nos-tamanho&#8221; width=&#8221;1\/2&#8243; css=&#8221;.vc_custom_1712150925407{background-image: url(https:\/\/portugalagenda.com\/wp-content\/uploads\/2024\/04\/Componente-4-\u2013-1-3.png?id=409) !important;background-position: center !important;background-repeat: no-repeat !important;background-size: cover !important;}&#8221;][vc_column_text]<\/p>\n<h3 style=\"text-align: center;\">Porto<\/h3>\n<p style=\"text-align: center;\"><strong>Immersivus Gallery Porto<\/strong><br \/>\nAlf\u00e2ndega do Porto, Rua Nova da Alf\u00e2ndega, Edif\u00edcio da Alf\u00e2ndega, 4050-430, Porto<\/p>\n<p style=\"text-align: center;\"><strong>Igreja dos Cl\u00e9rigos<\/strong><br \/>\nR. de S\u00e3o Filipe de Nery, 4050-546 Porto<\/p>\n<p>[\/vc_column_text][\/vc_column_inner][\/vc_row_inner][\/vc_column][\/vc_row]<\/p>\n","protected":false},"excerpt":{"rendered":"<p>[vc_row full_width=&#8221;stretch_row&#8221; el_class=&#8221;bl-parceiros&#8221;][vc_column][vc_row_inner][vc_column_inner width=&#8221;2\/3&#8243;][vc_single_image image=&#8221;320&#8243; img_size=&#8221;full&#8221;][\/vc_column_inner][vc_column_inner width=&#8221;1\/3&#8243;][vc_custom_heading text=&#8221;Portugal Agenda, what we do?&#8221; font_container=&#8221;tag:h1|text_align:left&#8221; use_theme_fonts=&#8221;yes&#8221;][vc_column_text]Portugal Agenda brings\u00a0you unique shows that you won\u2019t forget. Let yourself be amazed at the spectacle that will awaken your senses and make you dream and wonder. We believe that innovation in arts and culture brings unique sensory experiences. From video mapping [&hellip;]<\/p>\n","protected":false},"author":3,"featured_media":0,"parent":0,"menu_order":0,"comment_status":"closed","ping_status":"closed","template":"","meta":{"footnotes":""},"class_list":["post-1509","page","type-page","status-publish","hentry"],"_links":{"self":[{"href":"https:\/\/portugalagenda.com\/en\/wp-json\/wp\/v2\/pages\/1509","targetHints":{"allow":["GET"]}}],"collection":[{"href":"https:\/\/portugalagenda.com\/en\/wp-json\/wp\/v2\/pages"}],"about":[{"href":"https:\/\/portugalagenda.com\/en\/wp-json\/wp\/v2\/types\/page"}],"author":[{"embeddable":true,"href":"https:\/\/portugalagenda.com\/en\/wp-json\/wp\/v2\/users\/3"}],"replies":[{"embeddable":true,"href":"https:\/\/portugalagenda.com\/en\/wp-json\/wp\/v2\/comments?post=1509"}],"version-history":[{"count":0,"href":"https:\/\/portugalagenda.com\/en\/wp-json\/wp\/v2\/pages\/1509\/revisions"}],"wp:attachment":[{"href":"https:\/\/portugalagenda.com\/en\/wp-json\/wp\/v2\/media?parent=1509"}],"curies":[{"name":"wp","href":"https:\/\/api.w.org\/{rel}","templated":true}]}}